{"id":16,"date":"2026-01-14T12:07:05","date_gmt":"2026-01-14T12:07:05","guid":{"rendered":"https:\/\/rynadamar.com\/?page_id=16"},"modified":"2026-02-06T00:02:13","modified_gmt":"2026-02-06T00:02:13","slug":"accueil","status":"publish","type":"page","link":"https:\/\/rynadamar.com\/","title":{"rendered":"Accueil"},"content":{"rendered":"\n<p><\/p>\n\n\n\n<figure class=\"wp-block-image size-large is-resized\"><img loading=\"lazy\" decoding=\"async\" width=\"768\" height=\"1024\" src=\"https:\/\/rynadamar.com\/wp-content\/uploads\/2026\/01\/photo-actrice1-copie-768x1024.jpg\" alt=\"\" class=\"wp-image-32\" style=\"aspect-ratio:0.750004687529297;width:341px;height:auto\" srcset=\"https:\/\/rynadamar.com\/wp-content\/uploads\/2026\/01\/photo-actrice1-copie-768x1024.jpg 768w, https:\/\/rynadamar.com\/wp-content\/uploads\/2026\/01\/photo-actrice1-copie-225x300.jpg 225w, https:\/\/rynadamar.com\/wp-content\/uploads\/2026\/01\/photo-actrice1-copie-1152x1536.jpg 1152w, https:\/\/rynadamar.com\/wp-content\/uploads\/2026\/01\/photo-actrice1-copie.jpg 1286w\" sizes=\"auto, (max-width: 768px) 100vw, 768px\" \/><\/figure>\n\n\n\n<p><strong>Ryna Damar est une actrice trilingue.<\/strong><\/p>\n\n\n\n<p>Elle d\u00e9veloppe un travail d\u2019interpr\u00e9tation centr\u00e9 sur la pr\u00e9sence et l\u2019intensit\u00e9 du jeu.<\/p>\n\n\n\n<p>Elle est disponible pour des projets de cin\u00e9ma, s\u00e9ries, th\u00e9\u00e2tre et de formats audiovisuels.<\/p>\n\n\n\n<p><\/p>\n\n\n\n<p><\/p>\n\n\n\n<h2 class=\"wp-block-heading\">Bande d\u00e9mo<\/h2>\n\n\n\n<figure class=\"wp-block-embed is-type-video is-provider-youtube wp-block-embed-youtube wp-embed-aspect-16-9 wp-has-aspect-ratio\"><div class=\"wp-block-embed__wrapper\">\n<iframe loading=\"lazy\" title=\"Bande d\u00e9mo Ryna Damar\" width=\"500\" height=\"281\" src=\"https:\/\/www.youtube.com\/embed\/SsJWYDAFtAc?feature=oembed\" frameborder=\"0\" allow=\"accelerometer; autoplay; clipboard-write; encrypted-media; gyroscope; picture-in-picture; web-share\" referrerpolicy=\"strict-origin-when-cross-origin\" allowfullscreen><\/iframe>\n<\/div><\/figure>\n\n\n\n<p><\/p>\n\n\n\n<h2 class=\"wp-block-heading\"><strong>CONTACT : <\/strong><\/h2>\n\n\n\n<p>T\u00e9l\u00e9phone : <strong>+33 7 56 88 00 49<\/strong><\/p>\n\n\n\n<p>Email : <strong><a>contact@rynadamar.com<\/a><\/strong><\/p>\n\n\n\n<p>Instagram : <strong>@ryna.damar<\/strong><\/p>\n\n\n\n<p><\/p>\n\n\n\n<p><\/p>\n","protected":false},"excerpt":{"rendered":"<p>Ryna Damar est une actrice trilingue. Elle d\u00e9veloppe un travail d\u2019interpr\u00e9tation centr\u00e9 sur la pr\u00e9sence et l\u2019intensit\u00e9 du jeu. Elle [&hellip;]<\/p>\n","protected":false},"author":1,"featured_media":0,"parent":0,"menu_order":0,"comment_status":"closed","ping_status":"closed","template":"","meta":{"site-sidebar-layout":"default","site-content-layout":"","ast-site-content-layout":"default","site-content-style":"default","site-sidebar-style":"default","ast-global-header-display":"","ast-banner-title-visibility":"","ast-main-header-display":"","ast-hfb-above-header-display":"","ast-hfb-below-header-display":"","ast-hfb-mobile-header-display":"","site-post-title":"","ast-breadcrumbs-content":"","ast-featured-img":"","footer-sml-layout":"","ast-disable-related-posts":"","theme-transparent-header-meta":"","adv-header-id-meta":"","stick-header-meta":"","header-above-stick-meta":"","header-main-stick-meta":"","header-below-stick-meta":"","astra-migrate-meta-layouts":"default","ast-page-background-enabled":"default","ast-page-background-meta":{"desktop":{"background-color":"var(--ast-global-color-5)","background-image":"","background-repeat":"repeat","background-position":"center center","background-size":"auto","background-attachment":"scroll","background-type":"","background-media":"","overlay-type":"","overlay-color":"","overlay-opacity":"","overlay-gradient":""},"tablet":{"background-color":"","background-image":"","background-repeat":"repeat","background-position":"center center","background-size":"auto","background-attachment":"scroll","background-type":"","background-media":"","overlay-type":"","overlay-color":"","overlay-opacity":"","overlay-gradient":""},"mobile":{"background-color":"","background-image":"","background-repeat":"repeat","background-position":"center center","background-size":"auto","background-attachment":"scroll","background-type":"","background-media":"","overlay-type":"","overlay-color":"","overlay-opacity":"","overlay-gradient":""}},"ast-content-background-meta":{"desktop":{"background-color":"var(--ast-global-color-4)","background-image":"","background-repeat":"repeat","background-position":"center center","background-size":"auto","background-attachment":"scroll","background-type":"","background-media":"","overlay-type":"","overlay-color":"","overlay-opacity":"","overlay-gradient":""},"tablet":{"background-color":"var(--ast-global-color-4)","background-image":"","background-repeat":"repeat","background-position":"center center","background-size":"auto","background-attachment":"scroll","background-type":"","background-media":"","overlay-type":"","overlay-color":"","overlay-opacity":"","overlay-gradient":""},"mobile":{"background-color":"var(--ast-global-color-4)","background-image":"","background-repeat":"repeat","background-position":"center center","background-size":"auto","background-attachment":"scroll","background-type":"","background-media":"","overlay-type":"","overlay-color":"","overlay-opacity":"","overlay-gradient":""}},"footnotes":""},"class_list":["post-16","page","type-page","status-publish","hentry"],"_links":{"self":[{"href":"https:\/\/rynadamar.com\/index.php\/wp-json\/wp\/v2\/pages\/16","targetHints":{"allow":["GET"]}}],"collection":[{"href":"https:\/\/rynadamar.com\/index.php\/wp-json\/wp\/v2\/pages"}],"about":[{"href":"https:\/\/rynadamar.com\/index.php\/wp-json\/wp\/v2\/types\/page"}],"author":[{"embeddable":true,"href":"https:\/\/rynadamar.com\/index.php\/wp-json\/wp\/v2\/users\/1"}],"replies":[{"embeddable":true,"href":"https:\/\/rynadamar.com\/index.php\/wp-json\/wp\/v2\/comments?post=16"}],"version-history":[{"count":11,"href":"https:\/\/rynadamar.com\/index.php\/wp-json\/wp\/v2\/pages\/16\/revisions"}],"predecessor-version":[{"id":50,"href":"https:\/\/rynadamar.com\/index.php\/wp-json\/wp\/v2\/pages\/16\/revisions\/50"}],"wp:attachment":[{"href":"https:\/\/rynadamar.com\/index.php\/wp-json\/wp\/v2\/media?parent=16"}],"curies":[{"name":"wp","href":"https:\/\/api.w.org\/{rel}","templated":true}]}}